{"id":741,"date":"2021-10-29T08:15:42","date_gmt":"2021-10-29T08:15:42","guid":{"rendered":"https:\/\/demo.athemes.com\/sydney-main\/?page_id=5"},"modified":"2024-01-04T08:22:10","modified_gmt":"2024-01-04T08:22:10","slug":"my-front-page","status":"publish","type":"page","link":"https:\/\/fourwaypetrol.com\/","title":{"rendered":"Fourway Petrol"},"content":{"rendered":"\t\t<div data-elementor-type=\"wp-page\" data-elementor-id=\"741\" class=\"elementor elementor-741\">\n\t\t\t\t\t\t\t\t\t<section class=\"elementor-section elementor-top-section elementor-element elementor-element-95ba4bb elementor-section-content-middle elementor-section-boxed elementor-section-height-default elementor-section-height-default\" data-id=\"95ba4bb\" data-element_type=\"section\" data-settings=\"{&quot;background_background&quot;:&quot;classic&quot;}\">\n\t\t\t\t\t\t<div class=\"elementor-container elementor-column-gap-default\">\n\t\t\t\t\t<div class=\"elementor-column elementor-col-50 elementor-top-column elementor-element elementor-element-1554738\" data-id=\"1554738\" data-element_type=\"column\">\n\t\t\t<div class=\"elementor-widget-wrap elementor-element-populated\">\n\t\t\t\t\t\t\t\t<div class=\"elementor-element elementor-element-35342f8 elementor-widget__width-initial elementor-widget elementor-widget-heading\" data-id=\"35342f8\" data-element_type=\"widget\" data-widget_type=\"heading.default\">\n\t\t\t\t<div class=\"elementor-widget-container\">\n\t\t\t<style>\/*! elementor - v3.18.0 - 20-12-2023 *\/\n.elementor-heading-title{padding:0;margin:0;line-height:1}.elementor-widget-heading .elementor-heading-title[class*=elementor-size-]>a{color:inherit;font-size:inherit;line-height:inherit}.elementor-widget-heading .elementor-heading-title.elementor-size-small{font-size:15px}.elementor-widget-heading .elementor-heading-title.elementor-size-medium{font-size:19px}.elementor-widget-heading .elementor-heading-title.elementor-size-large{font-size:29px}.elementor-widget-heading .elementor-heading-title.elementor-size-xl{font-size:39px}.elementor-widget-heading .elementor-heading-title.elementor-size-xxl{font-size:59px}<\/style><h2 class=\"elementor-heading-title elementor-size-small\">T\u00fcrkiye'nin Yeni Nesil Yak\u0131t Markas\u0131<\/h2>\t\t<\/div>\n\t\t\t\t<\/div>\n\t\t\t\t\t<\/div>\n\t\t<\/div>\n\t\t\t\t<div class=\"elementor-column elementor-col-50 elementor-top-column elementor-element elementor-element-6e45dfd\" data-id=\"6e45dfd\" data-element_type=\"column\">\n\t\t\t<div class=\"elementor-widget-wrap elementor-element-populated\">\n\t\t\t\t\t\t\t\t<div class=\"elementor-element elementor-element-0388291 elementor-align-right elementor-mobile-align-center elementor-widget__width-initial elementor-widget elementor-widget-button\" data-id=\"0388291\" data-element_type=\"widget\" data-widget_type=\"button.default\">\n\t\t\t\t<div class=\"elementor-widget-container\">\n\t\t\t\t\t<div class=\"elementor-button-wrapper\">\n\t\t\t<a class=\"elementor-button elementor-button-link elementor-size-sm\" href=\"https:\/\/www.google.com\/maps?ll=36.823327,36.193748&#038;z=10&#038;t=m&#038;hl=tr&#038;gl=US&#038;mapclient=embed&#038;q=fourway+petrol+d%C3%B6rtyol\">\n\t\t\t\t\t\t<span class=\"elementor-button-content-wrapper\">\n\t\t\t\t\t\t<span class=\"elementor-button-text\">YOL TAR\u0130F\u0130 \u0130\u00c7\u0130N TIKLAYINIZ<\/span>\n\t\t<\/span>\n\t\t\t\t\t<\/a>\n\t\t<\/div>\n\t\t\t\t<\/div>\n\t\t\t\t<\/div>\n\t\t\t\t\t<\/div>\n\t\t<\/div>\n\t\t\t\t\t\t\t<\/div>\n\t\t<\/section>\n\t\t\t\t\t\t\t<\/div>\n\t\t","protected":false},"excerpt":{"rendered":"<p>T\u00fcrkiye&#8217;nin Yeni Nesil Yak\u0131t Markas\u0131 YOL TAR\u0130F\u0130 \u0130\u00c7\u0130N TIKLAYINIZ<\/p>\n","protected":false},"author":1,"featured_media":0,"parent":0,"menu_order":0,"comment_status":"closed","ping_status":"closed","template":"page-templates\/page_front-page.php","meta":{"footnotes":""},"class_list":["post-741","page","type-page","status-publish","hentry"],"yoast_head":"<!-- This site is optimized with the Yoast SEO plugin v21.7 - https:\/\/yoast.com\/wordpress\/plugins\/seo\/ -->\r\n<title>Fourway Petrol - Fourway Petrol<\/title>\r\n<meta name=\"robots\" content=\"index, follow, max-snippet:-1, max-image-preview:large, max-video-preview:-1\" \/>\r\n<link rel=\"canonical\" href=\"https:\/\/fourwaypetrol.com\/\" \/>\r\n<meta property=\"og:locale\" content=\"tr_TR\" \/>\r\n<meta property=\"og:type\" content=\"article\" \/>\r\n<meta property=\"og:title\" content=\"Fourway Petrol - Fourway Petrol\" \/>\r\n<meta property=\"og:description\" content=\"T\u00fcrkiye&#8217;nin Yeni Nesil Yak\u0131t Markas\u0131 YOL TAR\u0130F\u0130 \u0130\u00c7\u0130N TIKLAYINIZ\" \/>\r\n<meta property=\"og:url\" content=\"https:\/\/fourwaypetrol.com\/\" \/>\r\n<meta property=\"og:site_name\" content=\"Fourway Petrol\" \/>\r\n<meta property=\"article:modified_time\" content=\"2024-01-04T08:22:10+00:00\" \/>\r\n<meta property=\"og:image\" content=\"https:\/\/fourwaypetrol.com\/wp-content\/uploads\/2024\/01\/gop.jpg\" \/>\r\n\t<meta property=\"og:image:width\" content=\"1900\" \/>\r\n\t<meta property=\"og:image:height\" content=\"650\" \/>\r\n\t<meta property=\"og:image:type\" content=\"image\/jpeg\" \/>\r\n<meta name=\"twitter:card\" content=\"summary_large_image\" \/>\r\n<meta name=\"twitter:label1\" content=\"Tahmini okuma s\u00fcresi\" \/>\n\t<meta name=\"twitter:data1\" content=\"1 dakika\" \/>\r\n<script type=\"application\/ld+json\" class=\"yoast-schema-graph\">{\"@context\":\"https:\/\/schema.org\",\"@graph\":[{\"@type\":\"WebPage\",\"@id\":\"https:\/\/fourwaypetrol.com\/\",\"url\":\"https:\/\/fourwaypetrol.com\/\",\"name\":\"Fourway Petrol - Fourway Petrol\",\"isPartOf\":{\"@id\":\"https:\/\/fourwaypetrol.com\/#website\"},\"datePublished\":\"2021-10-29T08:15:42+00:00\",\"dateModified\":\"2024-01-04T08:22:10+00:00\",\"breadcrumb\":{\"@id\":\"https:\/\/fourwaypetrol.com\/#breadcrumb\"},\"inLanguage\":\"tr\",\"potentialAction\":[{\"@type\":\"ReadAction\",\"target\":[\"https:\/\/fourwaypetrol.com\/\"]}]},{\"@type\":\"BreadcrumbList\",\"@id\":\"https:\/\/fourwaypetrol.com\/#breadcrumb\",\"itemListElement\":[{\"@type\":\"ListItem\",\"position\":1,\"name\":\"Anasayfa\",\"item\":\"https:\/\/fourwaypetrol.com\/\"},{\"@type\":\"ListItem\",\"position\":2,\"name\":\"Fourway Petrol\"}]},{\"@type\":\"WebSite\",\"@id\":\"https:\/\/fourwaypetrol.com\/#website\",\"url\":\"https:\/\/fourwaypetrol.com\/\",\"name\":\"Fourway Petrol\",\"description\":\"HATAY \/ D\u00d6RTYOL da Hizmetinizdeyiz\",\"publisher\":{\"@id\":\"https:\/\/fourwaypetrol.com\/#organization\"},\"alternateName\":\"Fourway Petrol Go petrol\",\"potentialAction\":[{\"@type\":\"SearchAction\",\"target\":{\"@type\":\"EntryPoint\",\"urlTemplate\":\"https:\/\/fourwaypetrol.com\/?s={search_term_string}\"},\"query-input\":\"required name=search_term_string\"}],\"inLanguage\":\"tr\"},{\"@type\":\"Organization\",\"@id\":\"https:\/\/fourwaypetrol.com\/#organization\",\"name\":\"Fourway Petrol\",\"alternateName\":\"Fourway Petrol Ta\u015farlar\",\"url\":\"https:\/\/fourwaypetrol.com\/\",\"logo\":{\"@type\":\"ImageObject\",\"inLanguage\":\"tr\",\"@id\":\"https:\/\/fourwaypetrol.com\/#\/schema\/logo\/image\/\",\"url\":\"https:\/\/fourwaypetrol.com\/wp-content\/uploads\/2024\/01\/tasarlar_logo3.png\",\"contentUrl\":\"https:\/\/fourwaypetrol.com\/wp-content\/uploads\/2024\/01\/tasarlar_logo3.png\",\"width\":173,\"height\":189,\"caption\":\"Fourway Petrol\"},\"image\":{\"@id\":\"https:\/\/fourwaypetrol.com\/#\/schema\/logo\/image\/\"}}]}<\/script>\r\n<!-- \/ Yoast SEO plugin. -->","yoast_head_json":{"title":"Fourway Petrol - Fourway Petrol","robots":{"index":"index","follow":"follow","max-snippet":"max-snippet:-1","max-image-preview":"max-image-preview:large","max-video-preview":"max-video-preview:-1"},"canonical":"https:\/\/fourwaypetrol.com\/","og_locale":"tr_TR","og_type":"article","og_title":"Fourway Petrol - Fourway Petrol","og_description":"T\u00fcrkiye&#8217;nin Yeni Nesil Yak\u0131t Markas\u0131 YOL TAR\u0130F\u0130 \u0130\u00c7\u0130N TIKLAYINIZ","og_url":"https:\/\/fourwaypetrol.com\/","og_site_name":"Fourway Petrol","article_modified_time":"2024-01-04T08:22:10+00:00","og_image":[{"width":1900,"height":650,"url":"https:\/\/fourwaypetrol.com\/wp-content\/uploads\/2024\/01\/gop.jpg","type":"image\/jpeg"}],"twitter_card":"summary_large_image","twitter_misc":{"Tahmini okuma s\u00fcresi":"1 dakika"},"schema":{"@context":"https:\/\/schema.org","@graph":[{"@type":"WebPage","@id":"https:\/\/fourwaypetrol.com\/","url":"https:\/\/fourwaypetrol.com\/","name":"Fourway Petrol - Fourway Petrol","isPartOf":{"@id":"https:\/\/fourwaypetrol.com\/#website"},"datePublished":"2021-10-29T08:15:42+00:00","dateModified":"2024-01-04T08:22:10+00:00","breadcrumb":{"@id":"https:\/\/fourwaypetrol.com\/#breadcrumb"},"inLanguage":"tr","potentialAction":[{"@type":"ReadAction","target":["https:\/\/fourwaypetrol.com\/"]}]},{"@type":"BreadcrumbList","@id":"https:\/\/fourwaypetrol.com\/#breadcrumb","itemListElement":[{"@type":"ListItem","position":1,"name":"Anasayfa","item":"https:\/\/fourwaypetrol.com\/"},{"@type":"ListItem","position":2,"name":"Fourway Petrol"}]},{"@type":"WebSite","@id":"https:\/\/fourwaypetrol.com\/#website","url":"https:\/\/fourwaypetrol.com\/","name":"Fourway Petrol","description":"HATAY \/ D\u00d6RTYOL da Hizmetinizdeyiz","publisher":{"@id":"https:\/\/fourwaypetrol.com\/#organization"},"alternateName":"Fourway Petrol Go petrol","potentialAction":[{"@type":"SearchAction","target":{"@type":"EntryPoint","urlTemplate":"https:\/\/fourwaypetrol.com\/?s={search_term_string}"},"query-input":"required name=search_term_string"}],"inLanguage":"tr"},{"@type":"Organization","@id":"https:\/\/fourwaypetrol.com\/#organization","name":"Fourway Petrol","alternateName":"Fourway Petrol Ta\u015farlar","url":"https:\/\/fourwaypetrol.com\/","logo":{"@type":"ImageObject","inLanguage":"tr","@id":"https:\/\/fourwaypetrol.com\/#\/schema\/logo\/image\/","url":"https:\/\/fourwaypetrol.com\/wp-content\/uploads\/2024\/01\/tasarlar_logo3.png","contentUrl":"https:\/\/fourwaypetrol.com\/wp-content\/uploads\/2024\/01\/tasarlar_logo3.png","width":173,"height":189,"caption":"Fourway Petrol"},"image":{"@id":"https:\/\/fourwaypetrol.com\/#\/schema\/logo\/image\/"}}]}},"_links":{"self":[{"href":"https:\/\/fourwaypetrol.com\/index.php\/wp-json\/wp\/v2\/pages\/741","targetHints":{"allow":["GET"]}}],"collection":[{"href":"https:\/\/fourwaypetrol.com\/index.php\/wp-json\/wp\/v2\/pages"}],"about":[{"href":"https:\/\/fourwaypetrol.com\/index.php\/wp-json\/wp\/v2\/types\/page"}],"author":[{"embeddable":true,"href":"https:\/\/fourwaypetrol.com\/index.php\/wp-json\/wp\/v2\/users\/1"}],"replies":[{"embeddable":true,"href":"https:\/\/fourwaypetrol.com\/index.php\/wp-json\/wp\/v2\/comments?post=741"}],"version-history":[{"count":15,"href":"https:\/\/fourwaypetrol.com\/index.php\/wp-json\/wp\/v2\/pages\/741\/revisions"}],"predecessor-version":[{"id":824,"href":"https:\/\/fourwaypetrol.com\/index.php\/wp-json\/wp\/v2\/pages\/741\/revisions\/824"}],"wp:attachment":[{"href":"https:\/\/fourwaypetrol.com\/index.php\/wp-json\/wp\/v2\/media?parent=741"}],"curies":[{"name":"wp","href":"https:\/\/api.w.org\/{rel}","templated":true}]}}